{"id":336,"date":"2018-02-08T17:16:24","date_gmt":"2018-02-08T19:16:24","guid":{"rendered":"http:\/\/csaadvogados.com.br\/site\/?page_id=336"},"modified":"2018-02-14T16:00:17","modified_gmt":"2018-02-14T18:00:17","slug":"quem-somos","status":"publish","type":"page","link":"http:\/\/csaadvogados.com.br\/site\/quem-somos\/","title":{"rendered":"Quem somos"},"content":{"rendered":"<div class=\"localizacao\"><img decoding=\"async\" src=\"http:\/\/csaadvogados.com.br\/site\/wp-content\/uploads\/2018\/02\/2.jpg\" alt=\"\" width=\"100%\" \/><\/div>\n<div class=\"localizacao\">\n<h2>Sobre a Carvalho e Souza Aranha Advogados Associados<\/h2>\n<p>Fundado no ano de 1.990, o escrit\u00f3rio de advocacia, nasceu com a denomina\u00e7\u00e3o de Carvalho Bueno e Urbano de Melo Advogados Associados S\/C, sendo registrado junto a Ordem do Advogado do Brasil, sec\u00e7\u00e3o de S\u00e3o Paulo, sob n\u00ba. 1.649.<\/p>\n<p>No ano de 1.995, ingressou na sociedade, o advogado, Sebasti\u00e3o Calixto Heinemann de Souza Aranha, quando o escrit\u00f3rio passou a denominar-se: Carvalho e Souza Aranha Advogados Associados.<\/p>\n<p>Desde o in\u00edcio de suas atividades, o escrit\u00f3rio vem se dedicando \u00e0 presta\u00e7\u00e3o de servi\u00e7os, preferencialmente \u00e0s pessoas jur\u00eddicas e a seus diretores e parentes, tendo sempre como objetivos m\u00e1ximos, o bom servi\u00e7o e a pessoalidade no trato com os problemas de seus clientes, tornando os la\u00e7os que os unem, consistentes e amadurecidos.<\/p>\n<p>Hoje o escrit\u00f3rio conta com duas sedes, uma com endere\u00e7o \u00e0 Pra\u00e7a Dr. Jo\u00e3o Mendes, 42, 14\u00ba andar, cj. 144 &#8211; tels. 3104-7734 e outra sito \u00e0 Rua Tabatinguera, 140, 6\u00ba andar, cj. 612 &#8211; tel. 3105-5606.<\/p><\/div>\n","protected":false},"excerpt":{"rendered":"<p>Sobre a Carvalho e Souza Aranha Advogados Associados Fundado no ano de 1.990, o escrit\u00f3rio de advocacia, nasceu com a denomina\u00e7\u00e3o de Carvalho Bueno e Urbano de Melo Advogados Associados S\/C, sendo registrado junto a Ordem do Advogado do Brasil,<\/p>\n","protected":false},"author":1,"featured_media":0,"parent":0,"menu_order":0,"comment_status":"closed","ping_status":"closed","template":"","meta":{"footnotes":""},"class_list":["post-336","page","type-page","status-publish","hentry"],"_links":{"self":[{"href":"http:\/\/csaadvogados.com.br\/site\/wp-json\/wp\/v2\/pages\/336","targetHints":{"allow":["GET"]}}],"collection":[{"href":"http:\/\/csaadvogados.com.br\/site\/wp-json\/wp\/v2\/pages"}],"about":[{"href":"http:\/\/csaadvogados.com.br\/site\/wp-json\/wp\/v2\/types\/page"}],"author":[{"embeddable":true,"href":"http:\/\/csaadvogados.com.br\/site\/wp-json\/wp\/v2\/users\/1"}],"replies":[{"embeddable":true,"href":"http:\/\/csaadvogados.com.br\/site\/wp-json\/wp\/v2\/comments?post=336"}],"version-history":[{"count":4,"href":"http:\/\/csaadvogados.com.br\/site\/wp-json\/wp\/v2\/pages\/336\/revisions"}],"predecessor-version":[{"id":416,"href":"http:\/\/csaadvogados.com.br\/site\/wp-json\/wp\/v2\/pages\/336\/revisions\/416"}],"wp:attachment":[{"href":"http:\/\/csaadvogados.com.br\/site\/wp-json\/wp\/v2\/media?parent=336"}],"curies":[{"name":"wp","href":"https:\/\/api.w.org\/{rel}","templated":true}]}}